{"id":53,"date":"2025-02-19T15:29:46","date_gmt":"2025-02-19T14:29:46","guid":{"rendered":"http:\/\/web002.gvz.it\/eventi\/"},"modified":"2025-07-09T18:29:43","modified_gmt":"2025-07-09T16:29:43","slug":"events","status":"publish","type":"page","link":"https:\/\/www.equirelais.it\/en\/eventi\/","title":{"rendered":"Events"},"content":{"rendered":"<section class=\"u-align-center u-clearfix u-container-align-center u-container-align-center-xl u-white u-section-2\" id=\"sec-0166\">\n      <div class=\"u-clearfix u-sheet u-valign-middle-lg u-valign-middle-sm u-valign-middle-xs u-sheet-1\">\n        <div class=\"u-expanded-width u-grey-5 u-hidden-md u-hidden-sm u-hidden-xs u-shape u-shape-rectangle u-shape-1\"><\/div>\n        <div class=\"data-layout-selected u-clearfix u-expanded-width-lg u-expanded-width-md u-expanded-width-sm u-expanded-width-xs u-gutter-26 u-layout-wrap u-layout-wrap-1\">\n          <div class=\"u-layout\">\n            <div class=\"u-layout-row\">\n              <div class=\"u-size-30 u-size-60-md\">\n                <div class=\"u-layout-col\">\n                  <div class=\"u-container-align-center-sm u-container-align-center-xs u-container-style u-layout-cell u-left-cell u-size-20 u-layout-cell-1\">\n                    <div class=\"u-container-layout u-valign-middle-xl u-valign-top-lg u-valign-top-md u-valign-top-sm u-valign-top-xs u-container-layout-1\">\n                      <h1 class=\"u-align-center-md u-align-center-sm u-align-center-xs u-text u-text-1\"> More value to your events.<\/h1>\n                    <\/div>\n                  <\/div>\n                  <div class=\"u-container-align-center-xs u-container-style u-image u-layout-cell u-left-cell u-size-40 u-image-1\" data-image-width=\"2540\" data-image-height=\"1693\" style=\"background-image: url(&quot;https:\/\/www.equirelais.it\/wp-content\/uploads\/2025\/02\/Equirelais_salapranzo.jpg&quot;);\">\n                    <div class=\"u-container-layout u-container-layout-2\"><\/div>\n                  <\/div>\n                <\/div>\n              <\/div>\n              <div class=\"u-size-30 u-size-60-md\">\n                <div class=\"u-layout-col\">\n                  <div class=\"u-container-align-center u-container-style u-image u-layout-cell u-right-cell u-size-40 u-image-2\" data-image-width=\"2560\" data-image-height=\"1707\" style=\"background-image: url(&quot;https:\/\/www.equirelais.it\/wp-content\/uploads\/2025\/02\/Equirelais_eventi.jpg&quot;);\">\n                    <div class=\"u-container-layout u-container-layout-3\"><\/div>\n                  <\/div>\n                  <div class=\"u-container-style u-hidden-md u-hidden-sm u-hidden-xs u-layout-cell u-right-cell u-shape-rectangle u-size-20 u-layout-cell-4\">\n                    <div class=\"u-container-layout u-container-layout-4\"><\/div>\n                  <\/div>\n                <\/div>\n              <\/div>\n            <\/div>\n          <\/div>\n        <\/div>\n        <div class=\"u-container-style u-expanded-width-md u-expanded-width-sm u-expanded-width-xs u-group u-group-1\">\n          <div class=\"u-container-layout u-valign-top-sm u-container-layout-5\">\n            <p class=\"u-align-center u-text u-text-2\"> Celebrate your most important moments with us.<br>Our restaurant is the ideal location for: \n            <\/p>\n            <ul class=\"u-align-center-sm u-align-center-xs u-align-left-lg u-align-left-md u-align-left-xl u-text u-text-default u-text-3\">\n              <li> Baptisms <\/li>\n              <li> Communions <\/li>\n              <li> Confirmations <\/li>\n              <li> Weddings also with on-site ceremony <\/li>\n              <li> Lunches <\/li>\n              <li> Corporate dinners and events <\/li>\n              <li> Private parties <\/li>\n            <\/ul>\n            <p class=\"u-align-center u-text u-text-default u-text-4\"> For information and proposals:<br>Tel.: +39 351 5761463<br>e-mail: eventi@equirelais.it<br>\n            <\/p>\n          <\/div>\n        <\/div>\n      <\/div>\n    <\/section>\n    <section class=\"u-align-center u-clearfix u-container-align-center u-section-3\" id=\"sec-acfb\">\n      <div class=\"u-clearfix u-sheet u-valign-middle-md u-sheet-1\">\n        <div class=\"u-expanded-width-md u-expanded-width-sm u-expanded-width-xs u-gallery u-layout-grid u-lightbox u-show-text-on-hover u-gallery-1\">\n          <div class=\"u-gallery-inner u-gallery-inner-1\">\n            <div class=\"u-effect-fade u-gallery-item\">\n              <div class=\"u-back-slide\" data-image-width=\"1810\" data-image-height=\"1207\">\n                <img decoding=\"async\" class=\"u-back-image u-expanded\" src=\"https:\/\/www.equirelais.it\/wp-content\/uploads\/2025\/02\/Pizzoccheri1.jpg\" alt=\"primo piatto\">\n              <\/div>\n              <div class=\"u-over-slide u-shading u-over-slide-1\"><\/div>\n            <\/div>\n            <div class=\"u-effect-fade u-gallery-item\">\n              <div class=\"u-back-slide\" data-image-width=\"1812\" data-image-height=\"1600\">\n                <img decoding=\"async\" class=\"u-back-image u-expanded\" src=\"https:\/\/www.equirelais.it\/wp-content\/uploads\/2025\/02\/Equirelais_tagliatelleconfunghi.jpg\" alt=\"tagliatelle\">\n              <\/div>\n              <div class=\"u-over-slide u-shading u-over-slide-2\"><\/div>\n            <\/div>\n            <div class=\"u-effect-fade u-gallery-item\">\n              <div class=\"u-back-slide\" data-image-width=\"1935\" data-image-height=\"1289\">\n                <img decoding=\"async\" class=\"u-back-image u-expanded\" src=\"https:\/\/www.equirelais.it\/wp-content\/uploads\/2025\/02\/Equirelais_Lumache1.jpg\" alt=\"lumache\">\n              <\/div>\n              <div class=\"u-over-slide u-shading u-over-slide-3\"><\/div>\n            <\/div>\n            <div class=\"u-effect-fade u-gallery-item\">\n              <div class=\"u-back-slide\" data-image-width=\"1790\" data-image-height=\"1194\">\n                <img decoding=\"async\" class=\"u-back-image u-expanded\" src=\"https:\/\/www.equirelais.it\/wp-content\/uploads\/2025\/02\/Equirelais_Faraonaalfornoconverzasoffegata1.jpg\" alt=\"primo piatto\">\n              <\/div>\n              <div class=\"u-over-slide u-shading u-over-slide-4\"><\/div>\n            <\/div>\n            <div class=\"u-effect-fade u-gallery-item\">\n              <div class=\"u-back-slide\" data-image-width=\"2160\" data-image-height=\"2164\">\n                <img decoding=\"async\" class=\"u-back-image u-expanded\" src=\"https:\/\/www.equirelais.it\/wp-content\/uploads\/2025\/02\/Gnocchidipatateporriegamberi.jpg\" alt=\"pesce\">\n              <\/div>\n              <div class=\"u-over-slide u-shading u-over-slide-5\"><\/div>\n            <\/div>\n            <div class=\"u-effect-fade u-gallery-item\">\n              <div class=\"u-back-slide\" data-image-width=\"1904\" data-image-height=\"1270\">\n                <img decoding=\"async\" class=\"u-back-image u-expanded\" src=\"https:\/\/www.equirelais.it\/wp-content\/uploads\/2025\/02\/Equirelais_Guanciadimaialino.jpg\" alt=\"carne\">\n              <\/div>\n              <div class=\"u-over-slide u-shading u-over-slide-6\"><\/div>\n            <\/div>\n          <\/div>\n        <\/div>\n      <\/div>\n    <\/section>","protected":false},"excerpt":{"rendered":"<p>Pi\u00f9 valore ai tuoi eventi. Festeggia con noi i tuoi momenti pi\u00f9 importanti.Il nostro ristorante \u00e8 la location ideale per: Battesimi Comunioni Cresime Matrimoni anche con rito in loco Pranzi Cene ed eventi aziendali Feste private Per informazioni e proposte:Tel.: +39 351 5761463e-mail: eventi@equirelais.it<\/p>","protected":false},"author":1,"featured_media":0,"parent":0,"menu_order":8,"comment_status":"closed","ping_status":"closed","template":"","meta":{"footnotes":""},"class_list":["post-53","page","type-page","status-publish","hentry"],"_links":{"self":[{"href":"https:\/\/www.equirelais.it\/en\/wp-json\/wp\/v2\/pages\/53","targetHints":{"allow":["GET"]}}],"collection":[{"href":"https:\/\/www.equirelais.it\/en\/wp-json\/wp\/v2\/pages"}],"about":[{"href":"https:\/\/www.equirelais.it\/en\/wp-json\/wp\/v2\/types\/page"}],"author":[{"embeddable":true,"href":"https:\/\/www.equirelais.it\/en\/wp-json\/wp\/v2\/users\/1"}],"replies":[{"embeddable":true,"href":"https:\/\/www.equirelais.it\/en\/wp-json\/wp\/v2\/comments?post=53"}],"version-history":[{"count":6,"href":"https:\/\/www.equirelais.it\/en\/wp-json\/wp\/v2\/pages\/53\/revisions"}],"predecessor-version":[{"id":1051,"href":"https:\/\/www.equirelais.it\/en\/wp-json\/wp\/v2\/pages\/53\/revisions\/1051"}],"wp:attachment":[{"href":"https:\/\/www.equirelais.it\/en\/wp-json\/wp\/v2\/media?parent=53"}],"curies":[{"name":"wp","href":"https:\/\/api.w.org\/{rel}","templated":true}]}}